{"id":1662,"date":"2021-01-16T09:48:11","date_gmt":"2021-01-16T08:48:11","guid":{"rendered":"https:\/\/www.les2mainsdurivage.fr\/?page_id=1662"},"modified":"2026-03-29T14:51:11","modified_gmt":"2026-03-29T12:51:11","slug":"commande-en-ligne","status":"publish","type":"page","link":"https:\/\/www.les2mainsdurivage.fr\/index.php\/commande-en-ligne\/","title":{"rendered":"Commande en ligne"},"content":{"rendered":"<div id=\"pl-gb1662-69fb381b32f82\"  class=\"panel-layout\" ><div id=\"pg-gb1662-69fb381b32f82-0\"  class=\"panel-grid panel-no-style\" ><div id=\"pgc-gb1662-69fb381b32f82-0-0\"  class=\"panel-grid-cell\" ><div id=\"panel-gb1662-69fb381b32f82-0-0-0\" class=\"so-panel widget widget_media_image panel-first-child\" data-index=\"0\" ><img loading=\"lazy\" width=\"1499\" height=\"76\" src=\"https:\/\/www.les2mainsdurivage.fr\/wp-content\/uploads\/2018\/11\/bande-1.png\" class=\"image wp-image-154  attachment-full size-full\" alt=\"\" decoding=\"async\" style=\"max-width: 100%; height: auto;\" srcset=\"https:\/\/www.les2mainsdurivage.fr\/wp-content\/uploads\/2018\/11\/bande-1.png 1499w, https:\/\/www.les2mainsdurivage.fr\/wp-content\/uploads\/2018\/11\/bande-1-300x15.png 300w, https:\/\/www.les2mainsdurivage.fr\/wp-content\/uploads\/2018\/11\/bande-1-768x39.png 768w, https:\/\/www.les2mainsdurivage.fr\/wp-content\/uploads\/2018\/11\/bande-1-1024x52.png 1024w\" sizes=\"(max-width: 1499px) 100vw, 1499px\" \/><\/div><div id=\"panel-gb1662-69fb381b32f82-0-0-1\" class=\"so-panel widget widget_text\" data-index=\"1\" >\t\t\t<div class=\"textwidget\"><p><b>Pour acc\u00e9der \u00e0 la r\u00e9servation en ligne :<\/b><\/p>\n<\/div>\n\t\t<\/div><div id=\"panel-gb1662-69fb381b32f82-0-0-2\" class=\"so-panel widget widget_sow-button\" data-index=\"2\" ><div\n\t\t\t\n\t\t\tclass=\"so-widget-sow-button so-widget-sow-button-atom-dfe0db5115fb-1662\"\n\t\t\t\n\t\t><div class=\"ow-button-base ow-button-align-center\">\n\t\t\t<a\n\t\t\t\t\thref=\"https:\/\/www.les2mainsdurivage.fr\/shop\/\"\n\t\t\t\t\tclass=\"sowb-button ow-icon-placement-bottom ow-button-hover\" target=\"_blank\" rel=\"noopener noreferrer\" \t>\n\t\t<span>\n\t\t\t<span class=\"sow-icon-icomoon\" data-sow-icon=\"&#xe93a;\"\n\t\tstyle=\"color: #000000\" \n\t\taria-hidden=\"true\"><\/span>\n\t\t\tCOMMANDE EN LIGNE\t\t<\/span>\n\t\t\t<\/a>\n\t<\/div>\n<\/div><\/div><div id=\"panel-gb1662-69fb381b32f82-0-0-3\" class=\"so-panel widget widget_text\" data-index=\"3\" >\t\t\t<div class=\"textwidget\"><p>Le r\u00e8glement se fait au retrait de la commande, sur place, par ch\u00e8que ou esp\u00e8ces.<\/p>\n<p>R\u00e9servations possibles au minimum 24 h avant le retrait de la commande.<\/p>\n<p>Pour toutes autres informations, merci de nous contacter par mail ( les2mainsdurivage@lilo.org) ou par t\u00e9l\u00e9phone au 06.17.34.00.75<\/p>\n<p>Merci \u00e0 vous !<\/p>\n<\/div>\n\t\t<\/div><div id=\"panel-gb1662-69fb381b32f82-0-0-4\" class=\"so-panel widget widget_media_image panel-last-child\" data-index=\"4\" ><img loading=\"lazy\" width=\"1500\" height=\"76\" src=\"https:\/\/www.les2mainsdurivage.fr\/wp-content\/uploads\/2018\/11\/bande2.png\" class=\"image wp-image-160  attachment-full size-full\" alt=\"\" decoding=\"async\" style=\"max-width: 100%; height: auto;\" srcset=\"https:\/\/www.les2mainsdurivage.fr\/wp-content\/uploads\/2018\/11\/bande2.png 1500w, https:\/\/www.les2mainsdurivage.fr\/wp-content\/uploads\/2018\/11\/bande2-300x15.png 300w, https:\/\/www.les2mainsdurivage.fr\/wp-content\/uploads\/2018\/11\/bande2-768x39.png 768w, https:\/\/www.les2mainsdurivage.fr\/wp-content\/uploads\/2018\/11\/bande2-1024x52.png 1024w\" sizes=\"(max-width: 1500px) 100vw, 1500px\" \/><\/div><\/div><\/div><\/div>\n\n\n<h2 class=\"wp-block-heading has-text-align-center\"><strong>Pr\u00e9commandez votre fromage en direct producteurs \u00e0 r\u00e9cup\u00e9rer \u00e0 la ferme la samedi matin de 10h \u00e0 12h<\/strong> :<\/h2>\n\n\n\n<div class=\"wp-block-columns is-layout-flex wp-container-3 wp-block-columns-is-layout-flex\">\n<div class=\"wp-block-column is-layout-flow wp-block-column-is-layout-flow\">\n<ul>\n<li>Commande fromages Gaec de la Baravelle :<\/li>\n<\/ul>\n\n\n\n<div class=\"wp-block-buttons is-layout-flex wp-block-buttons-is-layout-flex\">\n<div class=\"wp-block-button\"><a class=\"wp-block-button__link has-text-align-center wp-element-button\" href=\"https:\/\/drive.google.com\/file\/d\/1u0X1w_fhARYb5zAU5Utbhw8vaUJC25lf\/view?usp=sharing\">&#8211; T\u00e9l\u00e9charger le fichier pdf de pr\u00e9commande &#8211;<\/a><\/div>\n<\/div>\n<\/div>\n<\/div>\n\n\n\n<p><\/p>\n","protected":false},"excerpt":{"rendered":"<p>Pour acc\u00e9der \u00e0 la r\u00e9servation en ligne : Le r\u00e8glement se fait au retrait de la commande, sur place, par ch\u00e8que ou esp\u00e8ces. R\u00e9servations possibles au minimum 24 h avant le retrait de la commande. Pour toutes autres informations, merci de nous contacter par mail ( les2mainsdurivage@lilo.org) ou par t\u00e9l\u00e9phone au 06.17.34.00.75 Merci \u00e0 vousLire la suite &rarr;<\/p>\n","protected":false},"author":1,"featured_media":0,"parent":0,"menu_order":0,"comment_status":"closed","ping_status":"closed","template":"","meta":{"footnotes":""},"_links":{"self":[{"href":"https:\/\/www.les2mainsdurivage.fr\/index.php\/wp-json\/wp\/v2\/pages\/1662"}],"collection":[{"href":"https:\/\/www.les2mainsdurivage.fr\/index.php\/wp-json\/wp\/v2\/pages"}],"about":[{"href":"https:\/\/www.les2mainsdurivage.fr\/index.php\/wp-json\/wp\/v2\/types\/page"}],"author":[{"embeddable":true,"href":"https:\/\/www.les2mainsdurivage.fr\/index.php\/wp-json\/wp\/v2\/users\/1"}],"replies":[{"embeddable":true,"href":"https:\/\/www.les2mainsdurivage.fr\/index.php\/wp-json\/wp\/v2\/comments?post=1662"}],"version-history":[{"count":28,"href":"https:\/\/www.les2mainsdurivage.fr\/index.php\/wp-json\/wp\/v2\/pages\/1662\/revisions"}],"predecessor-version":[{"id":2774,"href":"https:\/\/www.les2mainsdurivage.fr\/index.php\/wp-json\/wp\/v2\/pages\/1662\/revisions\/2774"}],"wp:attachment":[{"href":"https:\/\/www.les2mainsdurivage.fr\/index.php\/wp-json\/wp\/v2\/media?parent=1662"}],"curies":[{"name":"wp","href":"https:\/\/api.w.org\/{rel}","templated":true}]}}