{"id":203,"date":"2018-11-24T21:40:30","date_gmt":"2018-11-24T20:40:30","guid":{"rendered":"http:\/\/www.les2mainsdurivage.fr\/?page_id=203"},"modified":"2019-09-21T21:31:36","modified_gmt":"2019-09-21T19:31:36","slug":"les-formules","status":"publish","type":"page","link":"https:\/\/www.les2mainsdurivage.fr\/index.php\/le-panier-de-legumes\/les-formules\/","title":{"rendered":"Offres &#038; conditions"},"content":{"rendered":"<p class=\"fonts-plugin-block \" style=\"font-weight: normal\">La ferme Les 2 Mains du Rivage vous propose 3 tailles de paniers :<\/p>\n\n\n<ul><li>un petit panier \u00e0 10 \u20ac (1 \u00e0 2 personnes)<\/li><li>un panier moyen \u00e0 16 \u20ac (3 \u00e0 4 personnes)<\/li><li>un grand panier \u00e0 22 \u20ac (5 \u00e0 6 personnes)<\/li><\/ul>\n\n\n\n<figure class=\"wp-block-image is-resized\"><img decoding=\"async\" loading=\"lazy\" src=\"https:\/\/www.les2mainsdurivage.fr\/wp-content\/uploads\/2018\/11\/bande2.png\" alt=\"\" class=\"wp-image-160\" width=\"506\" height=\"26\" srcset=\"https:\/\/www.les2mainsdurivage.fr\/wp-content\/uploads\/2018\/11\/bande2.png 1500w, https:\/\/www.les2mainsdurivage.fr\/wp-content\/uploads\/2018\/11\/bande2-300x15.png 300w, https:\/\/www.les2mainsdurivage.fr\/wp-content\/uploads\/2018\/11\/bande2-768x39.png 768w, https:\/\/www.les2mainsdurivage.fr\/wp-content\/uploads\/2018\/11\/bande2-1024x52.png 1024w\" sizes=\"(max-width: 506px) 100vw, 506px\" \/><\/figure>\n\n\n<p class=\"fonts-plugin-block \" style=\"font-weight: normal\">Vos paniers seront mis \u00e0 disposition de 2 fa\u00e7ons diff\u00e9rentes :<\/p>\n\n\n<ul><li>r\u00e9cup\u00e9r\u00e9s \u00e0 la ferme aux heures d&rsquo;ouverture du magasin (le mardi de 17h \u00e0 19h ou le samedi de 10h \u00e0 12h)<\/li><li>r\u00e9cup\u00e9r\u00e9s en point relais en ville une fois par semaine en fin de journ\u00e9e (\u00e0 Varennes-Vauzelles le vendredi de 17h \u00e0 18h)<\/li><li><\/li><\/ul>\n\n\n\n<figure class=\"wp-block-image is-resized\"><img decoding=\"async\" loading=\"lazy\" src=\"https:\/\/www.les2mainsdurivage.fr\/wp-content\/uploads\/2018\/11\/bande-1-1024x52.png\" alt=\"\" class=\"wp-image-154\" width=\"520\" height=\"26\" srcset=\"https:\/\/www.les2mainsdurivage.fr\/wp-content\/uploads\/2018\/11\/bande-1-1024x52.png 1024w, https:\/\/www.les2mainsdurivage.fr\/wp-content\/uploads\/2018\/11\/bande-1-300x15.png 300w, https:\/\/www.les2mainsdurivage.fr\/wp-content\/uploads\/2018\/11\/bande-1-768x39.png 768w, https:\/\/www.les2mainsdurivage.fr\/wp-content\/uploads\/2018\/11\/bande-1.png 1499w\" sizes=\"(max-width: 520px) 100vw, 520px\" \/><\/figure>\n\n\n<p class=\"fonts-plugin-block \" style=\"font-weight: normal\">Nous vous laissons la possibilit\u00e9 de choisir entre 2 fr\u00e9quences de livraison :<\/p>\n\n\n<ul><li>toutes les semaines<\/li><li>toutes les 2 semaines<\/li><\/ul>\n\n\n\n<figure class=\"wp-block-image is-resized\"><img decoding=\"async\" loading=\"lazy\" src=\"https:\/\/www.les2mainsdurivage.fr\/wp-content\/uploads\/2018\/11\/bande2.png\" alt=\"\" class=\"wp-image-160\" width=\"506\" height=\"26\" srcset=\"https:\/\/www.les2mainsdurivage.fr\/wp-content\/uploads\/2018\/11\/bande2.png 1500w, https:\/\/www.les2mainsdurivage.fr\/wp-content\/uploads\/2018\/11\/bande2-300x15.png 300w, https:\/\/www.les2mainsdurivage.fr\/wp-content\/uploads\/2018\/11\/bande2-768x39.png 768w, https:\/\/www.les2mainsdurivage.fr\/wp-content\/uploads\/2018\/11\/bande2-1024x52.png 1024w\" sizes=\"(max-width: 506px) 100vw, 506px\" \/><\/figure>\n\n\n<p class=\"fonts-plugin-block \" style=\"font-weight: normal\">Les contrats d&rsquo;abonnement couvrent une dur\u00e9e de 6 mois et tiennent compte des intol\u00e9rances \u00e0 certains l\u00e9gumes.<\/p>\n\n<div id=\"pl-gb203-69e0a68b9c6b1\"  class=\"panel-layout\" ><div id=\"pg-gb203-69e0a68b9c6b1-0\"  class=\"panel-grid panel-no-style\" ><div id=\"pgc-gb203-69e0a68b9c6b1-0-0\"  class=\"panel-grid-cell panel-grid-cell-empty\" ><\/div><\/div><div id=\"pg-gb203-69e0a68b9c6b1-1\"  class=\"panel-grid panel-has-style\" ><div class=\"panel-row-style panel-row-style-for-gb203-69e0a68b9c6b1-1\" ><div id=\"pgc-gb203-69e0a68b9c6b1-1-0\"  class=\"panel-grid-cell\" ><div id=\"panel-gb203-69e0a68b9c6b1-1-0-0\" class=\"so-panel widget widget_sow-button panel-first-child panel-last-child\" data-index=\"0\" ><div class=\"panel-widget-style panel-widget-style-for-gb203-69e0a68b9c6b1-1-0-0\" ><div\n\t\t\t\n\t\t\tclass=\"so-widget-sow-button so-widget-sow-button-atom-5392f47b19fb-203\"\n\t\t\t\n\t\t><div class=\"ow-button-base ow-button-align-left\">\n\t\t\t<a\n\t\t\t\t\thref=\"https:\/\/www.les2mainsdurivage.fr\/index.php\/le-panier-de-legumes\/sabonner\/\"\n\t\t\t\t\tclass=\"sowb-button ow-icon-placement-left ow-button-hover\" \t>\n\t\t<span>\n\t\t\t<span class=\"sow-icon-fontawesome sow-fas\" data-sow-icon=\"&#xf101;\"\n\t\tstyle=\"color: #ffffff\" \n\t\taria-hidden=\"true\"><\/span>\n\t\t\tS&rsquo;abonner\t\t<\/span>\n\t\t\t<\/a>\n\t<\/div>\n<\/div><\/div><\/div><\/div><div id=\"pgc-gb203-69e0a68b9c6b1-1-1\"  class=\"panel-grid-cell panel-grid-cell-empty panel-grid-cell-mobile-last\" ><\/div><div id=\"pgc-gb203-69e0a68b9c6b1-1-2\"  class=\"panel-grid-cell panel-grid-cell-empty\" ><\/div><\/div><\/div><\/div>","protected":false},"excerpt":{"rendered":"<p>un petit panier \u00e0 10 \u20ac (1 \u00e0 2 personnes) un panier moyen \u00e0 16 \u20ac (3 \u00e0 4 personnes) un grand panier \u00e0 22 \u20ac (5 \u00e0 6 personnes) r\u00e9cup\u00e9r\u00e9s \u00e0 la ferme aux heures d&rsquo;ouverture du magasin (le mardi de 17h \u00e0 19h ou le samedi de 10h \u00e0 12h) r\u00e9cup\u00e9r\u00e9s en pointLire la suite &rarr;<\/p>\n","protected":false},"author":1,"featured_media":218,"parent":51,"menu_order":1,"comment_status":"closed","ping_status":"closed","template":"","meta":{"footnotes":""},"_links":{"self":[{"href":"https:\/\/www.les2mainsdurivage.fr\/index.php\/wp-json\/wp\/v2\/pages\/203"}],"collection":[{"href":"https:\/\/www.les2mainsdurivage.fr\/index.php\/wp-json\/wp\/v2\/pages"}],"about":[{"href":"https:\/\/www.les2mainsdurivage.fr\/index.php\/wp-json\/wp\/v2\/types\/page"}],"author":[{"embeddable":true,"href":"https:\/\/www.les2mainsdurivage.fr\/index.php\/wp-json\/wp\/v2\/users\/1"}],"replies":[{"embeddable":true,"href":"https:\/\/www.les2mainsdurivage.fr\/index.php\/wp-json\/wp\/v2\/comments?post=203"}],"version-history":[{"count":33,"href":"https:\/\/www.les2mainsdurivage.fr\/index.php\/wp-json\/wp\/v2\/pages\/203\/revisions"}],"predecessor-version":[{"id":976,"href":"https:\/\/www.les2mainsdurivage.fr\/index.php\/wp-json\/wp\/v2\/pages\/203\/revisions\/976"}],"up":[{"embeddable":true,"href":"https:\/\/www.les2mainsdurivage.fr\/index.php\/wp-json\/wp\/v2\/pages\/51"}],"wp:featuredmedia":[{"embeddable":true,"href":"https:\/\/www.les2mainsdurivage.fr\/index.php\/wp-json\/wp\/v2\/media\/218"}],"wp:attachment":[{"href":"https:\/\/www.les2mainsdurivage.fr\/index.php\/wp-json\/wp\/v2\/media?parent=203"}],"curies":[{"name":"wp","href":"https:\/\/api.w.org\/{rel}","templated":true}]}}