{"id":475,"date":"2018-12-01T18:50:45","date_gmt":"2018-12-01T17:50:45","guid":{"rendered":"http:\/\/www.les2mainsdurivage.fr\/?page_id=475"},"modified":"2019-01-06T19:38:48","modified_gmt":"2019-01-06T18:38:48","slug":"notre-histoire","status":"publish","type":"page","link":"https:\/\/www.les2mainsdurivage.fr\/index.php\/actualitees\/notre-histoire\/","title":{"rendered":"Notre histoire"},"content":{"rendered":"<div id=\"pl-475\"  class=\"panel-layout\" ><div id=\"pg-475-0\"  class=\"panel-grid panel-no-style\" ><div id=\"pgc-475-0-0\"  class=\"panel-grid-cell\" ><div id=\"panel-475-0-0-0\" class=\"so-panel widget widget_sow-editor panel-first-child panel-last-child\" data-index=\"0\" ><div\n\t\t\t\n\t\t\tclass=\"so-widget-sow-editor so-widget-sow-editor-base\"\n\t\t\t\n\t\t>\n<div class=\"siteorigin-widget-tinymce textwidget\">\n\t<p style=\"text-align: justify;\">Je m'appelle Philippe. Je suis ce qu'on appelle aujourd'hui un n\u00e9o-paysan. Pour r\u00e9sumer, cela veut dire que je n'ai pas commenc\u00e9 ma carri\u00e8re professionnelle par l'agriculture et que je n'en suis pas non plus issu par ma famille.<br \/>\nEn effet, je travaillais auparavant dans le domaine du b\u00e2timent. Mais j'ai toujours \u00e9t\u00e9 attach\u00e9 \u00e0 la nature et \u00e0 l'environnement. Et surtout, au fil des ann\u00e9es, je me suis rendu compte que ce que j'accomplissais dans mon travail ne correspondait pas vraiment \u00e0 mes valeurs profondes.<\/p>\n<\/div>\n<\/div><\/div><\/div><div id=\"pgc-475-0-1\"  class=\"panel-grid-cell\" ><div id=\"panel-475-0-1-0\" class=\"so-panel widget widget_sow-image panel-first-child panel-last-child\" data-index=\"1\" ><div\n\t\t\t\n\t\t\tclass=\"so-widget-sow-image so-widget-sow-image-default-8b5b6f678277-475\"\n\t\t\t\n\t\t>\n<div class=\"sow-image-container\">\n\t\t<img src=\"https:\/\/www.les2mainsdurivage.fr\/wp-content\/uploads\/2018\/12\/philippe-256x300.jpg\" width=\"256\" height=\"300\" srcset=\"https:\/\/www.les2mainsdurivage.fr\/wp-content\/uploads\/2018\/12\/philippe-256x300.jpg 256w, https:\/\/www.les2mainsdurivage.fr\/wp-content\/uploads\/2018\/12\/philippe.jpg 651w\" sizes=\"(max-width: 256px) 100vw, 256px\" alt=\"\" \t\tclass=\"so-widget-image\"\/>\n\t<\/div>\n\n<\/div><\/div><\/div><\/div><div id=\"pg-475-1\"  class=\"panel-grid panel-no-style\" ><div id=\"pgc-475-1-0\"  class=\"panel-grid-cell\" ><div id=\"panel-475-1-0-0\" class=\"so-panel widget widget_sow-editor panel-first-child panel-last-child\" data-index=\"2\" ><div\n\t\t\t\n\t\t\tclass=\"so-widget-sow-editor so-widget-sow-editor-base\"\n\t\t\t\n\t\t>\n<div class=\"siteorigin-widget-tinymce textwidget\">\n\t<p style=\"text-align: justify;\">Le vrai d\u00e9clic est apparu au d\u00e9but de l'ann\u00e9e 2016. Ma compagne Camille et moi \u00e9tions all\u00e9s au cin\u00e9ma pour voir le film de Cyril Dion et M\u00e9lanie Laurent : <em>Demain<\/em>. \u00c9videmment, ceux qui ont vu le film le comprendront, cela signifie que nous nous sentions d\u00e9j\u00e0 concern\u00e9s par tout ce qui touche \u00e0 l'environnement et l'\u00e9cologie. Pendant toute la s\u00e9ance, nous nous sommes tous les deux sentis \u00e9mus, enthousiastes et touch\u00e9s. Et apr\u00e8s \u00eatre sortis de la salle, en reparlant de la partie sur l'agriculture, nous nous sommes dits cette phrase, qui sonnait un peu comme une promesse : mais pourquoi on ne ferait pas \u00e7a, nous aussi ? C'\u00e9tait comme si cette id\u00e9e avait \u00e9t\u00e9 enfouie en nous pendant des ann\u00e9es et que ce film lui avait enfin permis de germer. Nous avions d\u00e9sormais un merveilleux projet \u00e0 mener ensemble : celui de changer le monde, en commen\u00e7ant par cr\u00e9er le n\u00f4tre.<\/p>\n<p style=\"text-align: justify;\">Et puis, le temps de se convaincre mutuellement que nous \u00e9tions pr\u00eats pour ces changements l'un et l'autre, de r\u00e9fl\u00e9chir \u00e0 ce qui serait faisable ou non, quand, comment, le temps de trouver le bon endroit, s'y installer, r\u00e9aliser les nombreuses d\u00e9marches administratives, se former, am\u00e9nager la ferme... il nous a fallu 3 ans ! Et \u00e7a y est, nous y sommes ! Enfin, ce n'est que le commencement...<\/p>\n<p style=\"text-align: justify;\">Voil\u00e0 donc comment et pourquoi cette histoire a commenc\u00e9. Nous esp\u00e9rons vraiment que, gr\u00e2ce \u00e0 votre soutien, elle pourra \u00eatre longue et belle.<\/p>\n<\/div>\n<\/div><\/div><\/div><\/div><div id=\"pg-475-2\"  class=\"panel-grid panel-no-style\" ><div id=\"pgc-475-2-0\"  class=\"panel-grid-cell\" ><div id=\"panel-475-2-0-0\" class=\"so-panel widget widget_sow-image panel-first-child panel-last-child\" data-index=\"3\" ><div\n\t\t\t\n\t\t\tclass=\"so-widget-sow-image so-widget-sow-image-default-8b5b6f678277-475\"\n\t\t\t\n\t\t>\n<div class=\"sow-image-container\">\n\t\t<img src=\"https:\/\/www.les2mainsdurivage.fr\/wp-content\/uploads\/2019\/01\/camille2-300x253.jpg\" width=\"300\" height=\"253\" srcset=\"https:\/\/www.les2mainsdurivage.fr\/wp-content\/uploads\/2019\/01\/camille2-300x253.jpg 300w, https:\/\/www.les2mainsdurivage.fr\/wp-content\/uploads\/2019\/01\/camille2.jpg 315w\" sizes=\"(max-width: 300px) 100vw, 300px\" alt=\"\" \t\tclass=\"so-widget-image\"\/>\n\t<\/div>\n\n<\/div><\/div><\/div><div id=\"pgc-475-2-1\"  class=\"panel-grid-cell\" ><div id=\"panel-475-2-1-0\" class=\"so-panel widget widget_sow-editor panel-first-child panel-last-child\" data-index=\"4\" ><div\n\t\t\t\n\t\t\tclass=\"so-widget-sow-editor so-widget-sow-editor-base\"\n\t\t\t\n\t\t>\n<div class=\"siteorigin-widget-tinymce textwidget\">\n\t<p style=\"text-align: justify;\">Camille, quant \u00e0 elle, compte conserver son emploi d'opticienne encore plusieurs ann\u00e9es et me pr\u00eatera main forte le week end. Quand le plan financier le permettra, elle me rejoindra \u00e0 la ferme \u00e0 temps complet. En attendant, je peux compter sur son d\u00e9vouement et son amour.<\/p>\n<\/div>\n<\/div><\/div><\/div><\/div><div id=\"pg-475-3\"  class=\"panel-grid panel-no-style\" ><div id=\"pgc-475-3-0\"  class=\"panel-grid-cell\" ><div id=\"panel-475-3-0-0\" class=\"so-panel widget widget_sow-editor panel-first-child panel-last-child\" data-index=\"5\" ><div\n\t\t\t\n\t\t\tclass=\"so-widget-sow-editor so-widget-sow-editor-base\"\n\t\t\t\n\t\t>\n<div class=\"siteorigin-widget-tinymce textwidget\">\n\t<p style=\"text-align: justify;\">Et si vous venez nous rencontrer \u00e0 la ferme, vous croiserez peut-\u00eatre notre adorable Mya, qui aime tant venir nous d\u00e9concentrer et nous bercer de ronronnements affectueux !<\/p>\n<\/div>\n<\/div><\/div><\/div><div id=\"pgc-475-3-1\"  class=\"panel-grid-cell\" ><div id=\"panel-475-3-1-0\" class=\"so-panel widget widget_sow-image panel-first-child panel-last-child\" data-index=\"6\" ><div class=\"panel-widget-style panel-widget-style-for-475-3-1-0\" ><div\n\t\t\t\n\t\t\tclass=\"so-widget-sow-image so-widget-sow-image-default-8b5b6f678277-475\"\n\t\t\t\n\t\t>\n<div class=\"sow-image-container\">\n\t\t<img src=\"https:\/\/www.les2mainsdurivage.fr\/wp-content\/uploads\/2018\/12\/myabis-256x300.jpg\" width=\"256\" height=\"300\" srcset=\"https:\/\/www.les2mainsdurivage.fr\/wp-content\/uploads\/2018\/12\/myabis-256x300.jpg 256w, https:\/\/www.les2mainsdurivage.fr\/wp-content\/uploads\/2018\/12\/myabis.jpg 300w\" sizes=\"(max-width: 256px) 100vw, 256px\" title=\"sdr\" alt=\"\" \t\tclass=\"so-widget-image\"\/>\n\t<\/div>\n\n<\/div><\/div><\/div><\/div><\/div><div id=\"pg-475-4\"  class=\"panel-grid panel-no-style\" ><div id=\"pgc-475-4-0\"  class=\"panel-grid-cell\" ><div id=\"panel-475-4-0-0\" class=\"so-panel widget widget_sow-editor panel-first-child panel-last-child\" data-index=\"7\" ><div\n\t\t\t\n\t\t\tclass=\"so-widget-sow-editor so-widget-sow-editor-base\"\n\t\t\t\n\t\t>\n<div class=\"siteorigin-widget-tinymce textwidget\">\n\t<p style=\"text-align: justify;\">Maintenant que vous nous connaissez un peu mieux, venez nous rendre visite afin que nous fassions votre connaissance \u00e9galement !<\/p>\n<\/div>\n<\/div><\/div><\/div><\/div><div id=\"pg-475-5\"  class=\"panel-grid panel-no-style\" ><div id=\"pgc-475-5-0\"  class=\"panel-grid-cell\" ><div id=\"panel-475-5-0-0\" class=\"so-panel widget widget_sow-image panel-first-child panel-last-child\" data-index=\"8\" ><div class=\"panel-widget-style panel-widget-style-for-475-5-0-0\" ><div\n\t\t\t\n\t\t\tclass=\"so-widget-sow-image so-widget-sow-image-default-8b5b6f678277-475\"\n\t\t\t\n\t\t>\n<div class=\"sow-image-container\">\n\t\t<img src=\"https:\/\/www.les2mainsdurivage.fr\/wp-content\/uploads\/2018\/12\/philipe-et-camille3bis2.jpg\" width=\"498\" height=\"1026\" srcset=\"https:\/\/www.les2mainsdurivage.fr\/wp-content\/uploads\/2018\/12\/philipe-et-camille3bis2.jpg 498w, https:\/\/www.les2mainsdurivage.fr\/wp-content\/uploads\/2018\/12\/philipe-et-camille3bis2-146x300.jpg 146w, https:\/\/www.les2mainsdurivage.fr\/wp-content\/uploads\/2018\/12\/philipe-et-camille3bis2-497x1024.jpg 497w\" sizes=\"(max-width: 498px) 100vw, 498px\" title=\"philipe et camille3bis2\" alt=\"\" \t\tclass=\"so-widget-image\"\/>\n\t<\/div>\n\n<\/div><\/div><\/div><\/div><\/div><\/div>","protected":false},"excerpt":{"rendered":"<p>Je m&rsquo;appelle Philippe. Je suis ce qu&rsquo;on appelle aujourd&rsquo;hui un n\u00e9o-paysan. Pour r\u00e9sumer, cela veut dire que je n&rsquo;ai pas commenc\u00e9 ma carri\u00e8re professionnelle par l&rsquo;agriculture et que je n&rsquo;en suis pas non plus issu par ma famille. En effet, je travaillais auparavant dans le domaine du b\u00e2timent. Mais j&rsquo;ai toujours \u00e9t\u00e9 attach\u00e9 \u00e0 laLire la suite &rarr;<\/p>\n","protected":false},"author":1,"featured_media":464,"parent":49,"menu_order":1,"comment_status":"closed","ping_status":"closed","template":"","meta":{"footnotes":""},"_links":{"self":[{"href":"https:\/\/www.les2mainsdurivage.fr\/index.php\/wp-json\/wp\/v2\/pages\/475"}],"collection":[{"href":"https:\/\/www.les2mainsdurivage.fr\/index.php\/wp-json\/wp\/v2\/pages"}],"about":[{"href":"https:\/\/www.les2mainsdurivage.fr\/index.php\/wp-json\/wp\/v2\/types\/page"}],"author":[{"embeddable":true,"href":"https:\/\/www.les2mainsdurivage.fr\/index.php\/wp-json\/wp\/v2\/users\/1"}],"replies":[{"embeddable":true,"href":"https:\/\/www.les2mainsdurivage.fr\/index.php\/wp-json\/wp\/v2\/comments?post=475"}],"version-history":[{"count":34,"href":"https:\/\/www.les2mainsdurivage.fr\/index.php\/wp-json\/wp\/v2\/pages\/475\/revisions"}],"predecessor-version":[{"id":623,"href":"https:\/\/www.les2mainsdurivage.fr\/index.php\/wp-json\/wp\/v2\/pages\/475\/revisions\/623"}],"up":[{"embeddable":true,"href":"https:\/\/www.les2mainsdurivage.fr\/index.php\/wp-json\/wp\/v2\/pages\/49"}],"wp:featuredmedia":[{"embeddable":true,"href":"https:\/\/www.les2mainsdurivage.fr\/index.php\/wp-json\/wp\/v2\/media\/464"}],"wp:attachment":[{"href":"https:\/\/www.les2mainsdurivage.fr\/index.php\/wp-json\/wp\/v2\/media?parent=475"}],"curies":[{"name":"wp","href":"https:\/\/api.w.org\/{rel}","templated":true}]}}