{"id":51,"date":"2018-11-21T22:08:26","date_gmt":"2018-11-21T21:08:26","guid":{"rendered":"http:\/\/www.les2mainsdurivage.fr\/?page_id=51"},"modified":"2020-01-24T09:23:55","modified_gmt":"2020-01-24T08:23:55","slug":"le-panier-de-legumes","status":"publish","type":"page","link":"https:\/\/www.les2mainsdurivage.fr\/index.php\/le-panier-de-legumes\/","title":{"rendered":"Le panier de l\u00e9gumes"},"content":{"rendered":"<div id=\"pl-51\"  class=\"panel-layout\" ><div id=\"pg-51-0\"  class=\"panel-grid panel-no-style\" ><div id=\"pgc-51-0-0\"  class=\"panel-grid-cell\" ><div id=\"panel-51-0-0-0\" class=\"so-panel widget widget_sow-button panel-first-child panel-last-child\" data-index=\"0\" ><div\n\t\t\t\n\t\t\tclass=\"so-widget-sow-button so-widget-sow-button-atom-9d4983cabb3d-51\"\n\t\t\t\n\t\t><div class=\"ow-button-base ow-button-align-center\">\n\t\t\t<a\n\t\t\t\t\thref=\"https:\/\/www.les2mainsdurivage.fr\/index.php\/le-panier-de-legumes\/sabonner\/\"\n\t\t\t\t\tclass=\"sowb-button ow-icon-placement-left\" \t>\n\t\t<span>\n\t\t\t<span class=\"sow-icon-fontawesome sow-fas\" data-sow-icon=\"&#xf101;\"\n\t\tstyle=\"color: #ffffff\" \n\t\taria-hidden=\"true\"><\/span>\n\t\t\tS'abonner\t\t<\/span>\n\t\t\t<\/a>\n\t<\/div>\n<\/div><\/div><\/div><div id=\"pgc-51-0-1\"  class=\"panel-grid-cell\" ><div id=\"panel-51-0-1-0\" class=\"so-panel widget widget_sow-button panel-first-child panel-last-child\" data-index=\"1\" ><div\n\t\t\t\n\t\t\tclass=\"so-widget-sow-button so-widget-sow-button-atom-9d4983cabb3d-51\"\n\t\t\t\n\t\t><div class=\"ow-button-base ow-button-align-center\">\n\t\t\t<a\n\t\t\t\t\thref=\"https:\/\/www.les2mainsdurivage.fr\/index.php\/le-panier-de-legumes\/les-formules\/\"\n\t\t\t\t\tclass=\"sowb-button ow-icon-placement-left\" \t>\n\t\t<span>\n\t\t\t<span class=\"sow-icon-fontawesome sow-fas\" data-sow-icon=\"&#xf101;\"\n\t\tstyle=\"color: #ffffff\" \n\t\taria-hidden=\"true\"><\/span>\n\t\t\tOffres &amp; conditions\t\t<\/span>\n\t\t\t<\/a>\n\t<\/div>\n<\/div><\/div><\/div><\/div><div id=\"pg-51-1\"  class=\"panel-grid panel-no-style\" ><div id=\"pgc-51-1-0\"  class=\"panel-grid-cell\" ><div id=\"panel-51-1-0-0\" class=\"so-panel widget widget_sow-image panel-first-child panel-last-child\" data-index=\"2\" ><div\n\t\t\t\n\t\t\tclass=\"so-widget-sow-image so-widget-sow-image-default-8b5b6f678277-51\"\n\t\t\t\n\t\t>\n<div class=\"sow-image-container\">\n\t\t<img src=\"https:\/\/www.les2mainsdurivage.fr\/wp-content\/uploads\/2018\/11\/2017-05-18-11-36-31-900x616-768x526.jpg\" width=\"768\" height=\"526\" srcset=\"https:\/\/www.les2mainsdurivage.fr\/wp-content\/uploads\/2018\/11\/2017-05-18-11-36-31-900x616-768x526.jpg 768w, https:\/\/www.les2mainsdurivage.fr\/wp-content\/uploads\/2018\/11\/2017-05-18-11-36-31-900x616-300x205.jpg 300w, https:\/\/www.les2mainsdurivage.fr\/wp-content\/uploads\/2018\/11\/2017-05-18-11-36-31-900x616.jpg 900w\" sizes=\"(max-width: 768px) 100vw, 768px\" title=\"2017-05-18-11-36-31-900&#215;616\" alt=\"\" \t\tclass=\"so-widget-image\"\/>\n\t<\/div>\n\n<\/div><\/div><\/div><div id=\"pgc-51-1-1\"  class=\"panel-grid-cell\" ><div id=\"panel-51-1-1-0\" class=\"so-panel widget widget_sow-editor panel-first-child panel-last-child\" data-index=\"3\" ><div\n\t\t\t\n\t\t\tclass=\"so-widget-sow-editor so-widget-sow-editor-base\"\n\t\t\t\n\t\t>\n<div class=\"siteorigin-widget-tinymce textwidget\">\n\t<p>L'abonnement aux paniers est une d\u00e9marche solidaire pour montrer votre soutien envers l'agriculteur : ce syst\u00e8me de vente directe permet une plus juste r\u00e9mun\u00e9ration du mara\u00eecher.<\/p>\n<p>Chaque panier est compos\u00e9 de l\u00e9gumes vari\u00e9s, de saison et cultiv\u00e9s en agriculture biologique. Nous vous proposons 3 offres et 2 fr\u00e9quences de livraisons, selon vos besoins.<\/p>\n<\/div>\n<\/div><\/div><\/div><\/div><\/div>","protected":false},"excerpt":{"rendered":"<p>L&rsquo;abonnement aux paniers est une d\u00e9marche solidaire pour montrer votre soutien envers l&rsquo;agriculteur : ce syst\u00e8me de vente directe permet une plus juste r\u00e9mun\u00e9ration du mara\u00eecher. Chaque panier est compos\u00e9 de l\u00e9gumes vari\u00e9s, de saison et cultiv\u00e9s en agriculture biologique. Nous vous proposons 3 offres et 2 fr\u00e9quences de livraisons, selon vos besoins.<\/p>\n","protected":false},"author":1,"featured_media":827,"parent":0,"menu_order":0,"comment_status":"closed","ping_status":"closed","template":"","meta":{"footnotes":""},"_links":{"self":[{"href":"https:\/\/www.les2mainsdurivage.fr\/index.php\/wp-json\/wp\/v2\/pages\/51"}],"collection":[{"href":"https:\/\/www.les2mainsdurivage.fr\/index.php\/wp-json\/wp\/v2\/pages"}],"about":[{"href":"https:\/\/www.les2mainsdurivage.fr\/index.php\/wp-json\/wp\/v2\/types\/page"}],"author":[{"embeddable":true,"href":"https:\/\/www.les2mainsdurivage.fr\/index.php\/wp-json\/wp\/v2\/users\/1"}],"replies":[{"embeddable":true,"href":"https:\/\/www.les2mainsdurivage.fr\/index.php\/wp-json\/wp\/v2\/comments?post=51"}],"version-history":[{"count":38,"href":"https:\/\/www.les2mainsdurivage.fr\/index.php\/wp-json\/wp\/v2\/pages\/51\/revisions"}],"predecessor-version":[{"id":210,"href":"https:\/\/www.les2mainsdurivage.fr\/index.php\/wp-json\/wp\/v2\/pages\/51\/revisions\/210"}],"wp:featuredmedia":[{"embeddable":true,"href":"https:\/\/www.les2mainsdurivage.fr\/index.php\/wp-json\/wp\/v2\/media\/827"}],"wp:attachment":[{"href":"https:\/\/www.les2mainsdurivage.fr\/index.php\/wp-json\/wp\/v2\/media?parent=51"}],"curies":[{"name":"wp","href":"https:\/\/api.w.org\/{rel}","templated":true}]}}