{"id":55,"date":"2018-11-21T22:09:08","date_gmt":"2018-11-21T21:09:08","guid":{"rendered":"http:\/\/www.les2mainsdurivage.fr\/?page_id=55"},"modified":"2019-06-30T18:38:05","modified_gmt":"2019-06-30T16:38:05","slug":"astuces-cuisine","status":"publish","type":"page","link":"https:\/\/www.les2mainsdurivage.fr\/index.php\/astuces-cuisine\/","title":{"rendered":"Astuces &#038; cuisine"},"content":{"rendered":"<div id=\"pl-55\"  class=\"panel-layout\" ><div id=\"pg-55-0\"  class=\"panel-grid panel-no-style\" ><div id=\"pgc-55-0-0\"  class=\"panel-grid-cell\" >\n\t\t<div id=\"panel-55-0-0-0\" class=\"so-panel widget widget_recent-posts widget_recent_entries panel-first-child panel-last-child\" data-index=\"0\" >\n\t\t<h3 class=\"widget-title\">Articles r\u00e9cents<\/h3>\n\t\t<ul>\n\t\t\t\t\t\t\t\t\t\t\t<li>\n\t\t\t\t\t<a href=\"https:\/\/www.les2mainsdurivage.fr\/index.php\/2021\/10\/14\/huile-pimentee\/\">Huile piment\u00e9e<\/a>\n\t\t\t\t\t\t\t\t\t<\/li>\n\t\t\t\t\t\t\t\t\t\t\t<li>\n\t\t\t\t\t<a href=\"https:\/\/www.les2mainsdurivage.fr\/index.php\/2020\/06\/06\/fleur-comestible-capucine-vertus-et-utilisation\/\">Fleur comestible &#8211; Capucine &#8211; Vertus et utilisation<\/a>\n\t\t\t\t\t\t\t\t\t<\/li>\n\t\t\t\t\t\t\t\t\t\t\t<li>\n\t\t\t\t\t<a href=\"https:\/\/www.les2mainsdurivage.fr\/index.php\/2019\/11\/24\/citrouillat-berrichon\/\">Citrouillat berrichon<\/a>\n\t\t\t\t\t\t\t\t\t<\/li>\n\t\t\t\t\t\t\t\t\t\t\t<li>\n\t\t\t\t\t<a href=\"https:\/\/www.les2mainsdurivage.fr\/index.php\/2019\/11\/17\/cuisiner-la-courge-spaghetti\/\">Cuisiner la courge spaghetti<\/a>\n\t\t\t\t\t\t\t\t\t<\/li>\n\t\t\t\t\t\t\t\t\t\t\t<li>\n\t\t\t\t\t<a href=\"https:\/\/www.les2mainsdurivage.fr\/index.php\/2019\/10\/20\/patidou-cocotte\/\">Patidou cocotte<\/a>\n\t\t\t\t\t\t\t\t\t<\/li>\n\t\t\t\t\t\t\t\t\t\t\t<li>\n\t\t\t\t\t<a href=\"https:\/\/www.les2mainsdurivage.fr\/index.php\/2019\/08\/25\/idee-recette-filet-de-poisson-accompagne-de-tomates-et-fenouil\/\">Id\u00e9e recette : filet de poisson accompagn\u00e9 de tomates et fenouil<\/a>\n\t\t\t\t\t\t\t\t\t<\/li>\n\t\t\t\t\t\t\t\t\t\t\t<li>\n\t\t\t\t\t<a href=\"https:\/\/www.les2mainsdurivage.fr\/index.php\/2019\/06\/20\/gateau-de-chou-fleur\/\">G\u00e2teau de chou-fleur<\/a>\n\t\t\t\t\t\t\t\t\t<\/li>\n\t\t\t\t\t\t\t\t\t\t\t<li>\n\t\t\t\t\t<a href=\"https:\/\/www.les2mainsdurivage.fr\/index.php\/2019\/06\/06\/fleur-comestible-bourrache-vertus-et-utilisation\/\">Fleur comestible &#8211; Bourrache &#8211; Vertus et utilisation<\/a>\n\t\t\t\t\t\t\t\t\t<\/li>\n\t\t\t\t\t\t\t\t\t\t\t<li>\n\t\t\t\t\t<a href=\"https:\/\/www.les2mainsdurivage.fr\/index.php\/2019\/06\/06\/fleur-comestible-souci-des-jardins-vertus-et-utilisation\/\">Fleur comestible &#8211; Souci des jardins &#8211; Vertus et utilisation<\/a>\n\t\t\t\t\t\t\t\t\t<\/li>\n\t\t\t\t\t\t\t\t\t\t\t<li>\n\t\t\t\t\t<a href=\"https:\/\/www.les2mainsdurivage.fr\/index.php\/2019\/04\/01\/cuisiner-la-courge-butternut\/\">Cuisiner la courge butternut<\/a>\n\t\t\t\t\t\t\t\t\t<\/li>\n\t\t\t\t\t<\/ul>\n\n\t\t<\/div><\/div><\/div><\/div>","protected":false},"excerpt":{"rendered":"<p>Articles r\u00e9cents Huile piment\u00e9e Fleur comestible &#8211; Capucine &#8211; Vertus et utilisation Citrouillat berrichon Cuisiner la courge spaghetti Patidou cocotte Id\u00e9e recette : filet de poisson accompagn\u00e9 de tomates et fenouil G\u00e2teau de chou-fleur Fleur comestible &#8211; Bourrache &#8211; Vertus et utilisation Fleur comestible &#8211; Souci des jardins &#8211; Vertus et utilisation Cuisiner la courgeLire la suite &rarr;<\/p>\n","protected":false},"author":1,"featured_media":472,"parent":0,"menu_order":0,"comment_status":"closed","ping_status":"closed","template":"","meta":{"footnotes":""},"_links":{"self":[{"href":"https:\/\/www.les2mainsdurivage.fr\/index.php\/wp-json\/wp\/v2\/pages\/55"}],"collection":[{"href":"https:\/\/www.les2mainsdurivage.fr\/index.php\/wp-json\/wp\/v2\/pages"}],"about":[{"href":"https:\/\/www.les2mainsdurivage.fr\/index.php\/wp-json\/wp\/v2\/types\/page"}],"author":[{"embeddable":true,"href":"https:\/\/www.les2mainsdurivage.fr\/index.php\/wp-json\/wp\/v2\/users\/1"}],"replies":[{"embeddable":true,"href":"https:\/\/www.les2mainsdurivage.fr\/index.php\/wp-json\/wp\/v2\/comments?post=55"}],"version-history":[{"count":5,"href":"https:\/\/www.les2mainsdurivage.fr\/index.php\/wp-json\/wp\/v2\/pages\/55\/revisions"}],"predecessor-version":[{"id":837,"href":"https:\/\/www.les2mainsdurivage.fr\/index.php\/wp-json\/wp\/v2\/pages\/55\/revisions\/837"}],"wp:featuredmedia":[{"embeddable":true,"href":"https:\/\/www.les2mainsdurivage.fr\/index.php\/wp-json\/wp\/v2\/media\/472"}],"wp:attachment":[{"href":"https:\/\/www.les2mainsdurivage.fr\/index.php\/wp-json\/wp\/v2\/media?parent=55"}],"curies":[{"name":"wp","href":"https:\/\/api.w.org\/{rel}","templated":true}]}}