{"id":57,"date":"2018-11-21T22:09:22","date_gmt":"2018-11-21T21:09:22","guid":{"rendered":"http:\/\/www.les2mainsdurivage.fr\/?page_id=57"},"modified":"2025-08-02T11:31:16","modified_gmt":"2025-08-02T09:31:16","slug":"contact","status":"publish","type":"page","link":"https:\/\/www.les2mainsdurivage.fr\/index.php\/contact\/","title":{"rendered":"Contact"},"content":{"rendered":"<div id=\"pl-57\"  class=\"panel-layout\" ><div id=\"pg-57-0\"  class=\"panel-grid panel-no-style\" ><div id=\"pgc-57-0-0\"  class=\"panel-grid-cell\" ><div id=\"panel-57-0-0-0\" class=\"so-panel widget widget_sow-editor panel-first-child panel-last-child\" data-index=\"0\" ><div\n\t\t\t\n\t\t\tclass=\"so-widget-sow-editor so-widget-sow-editor-base\"\n\t\t\t\n\t\t>\n<div class=\"siteorigin-widget-tinymce textwidget\">\n\t<p><strong>Contact avec le mara\u00eecher :<\/strong><\/p>\n<p>Philippe PAPELARD<\/p>\n<p>Tel : 06.17.34.00.75<\/p>\n<p>Mail : les2mainsdurivage@lilo.org<\/p>\n<hr \/>\n<p><strong>Adresse de l'exploitation et du point de vente \u00e0 la ferme :<\/strong><\/p>\n<p>3 Rue de la Bitauderie , Le Rivage<\/p>\n<p>18600 MORNAY SUR ALLIER<\/p>\n<hr \/>\n<p><strong>Adresse des Points relais (en dehors de la ferme) :<\/strong><\/p>\n<p>Les Lunettes Selon Sarah<\/p>\n<p>2 place de la R\u00e9publique 58640 VARENNES VAUZELLES<\/p>\n<p>( R\u00e9cup\u00e9ration des paniers ou des commandes : le vendredi de 17h00 \u00e0 18h00)<\/p>\n<hr \/>\n<p><strong>Nous fournissons \u00e9galement ces \u00e9tablissements :<\/strong><\/p>\n<p>Le clos d'Emile (ferme-auberge)<\/p>\n<p>1 rue Bel Air 18600 MORNAY-SUR-ALLIER<\/p>\n<p>&nbsp;<\/p>\n<p>Biocoop<\/p>\n<p>47 boulevard Grand Pr\u00e9 des Bordes 58000 NEVERS<\/p>\n<p>&nbsp;<\/p>\n<p>Le Relais de la Route (restaurant)<\/p>\n<p>La Bruy\u00e8re 18600 MORNAY-SUR-ALLIER<\/p>\n<p>&nbsp;<\/p>\n<p>Epicerie de Livry<\/p>\n<p>4 route du Veurdre 58240 LIVRY<\/p>\n<\/div>\n<\/div><\/div><\/div><\/div><\/div>","protected":false},"excerpt":{"rendered":"<p>Contact avec le mara\u00eecher : Philippe PAPELARD Tel : 06.17.34.00.75 Mail : les2mainsdurivage@lilo.org Adresse de l&rsquo;exploitation et du point de vente \u00e0 la ferme : 3 Rue de la Bitauderie , Le Rivage 18600 MORNAY SUR ALLIER Adresse des Points relais (en dehors de la ferme) : Les Lunettes Selon Sarah 2 place de laLire la suite &rarr;<\/p>\n","protected":false},"author":1,"featured_media":464,"parent":0,"menu_order":0,"comment_status":"closed","ping_status":"closed","template":"","meta":{"footnotes":""},"_links":{"self":[{"href":"https:\/\/www.les2mainsdurivage.fr\/index.php\/wp-json\/wp\/v2\/pages\/57"}],"collection":[{"href":"https:\/\/www.les2mainsdurivage.fr\/index.php\/wp-json\/wp\/v2\/pages"}],"about":[{"href":"https:\/\/www.les2mainsdurivage.fr\/index.php\/wp-json\/wp\/v2\/types\/page"}],"author":[{"embeddable":true,"href":"https:\/\/www.les2mainsdurivage.fr\/index.php\/wp-json\/wp\/v2\/users\/1"}],"replies":[{"embeddable":true,"href":"https:\/\/www.les2mainsdurivage.fr\/index.php\/wp-json\/wp\/v2\/comments?post=57"}],"version-history":[{"count":18,"href":"https:\/\/www.les2mainsdurivage.fr\/index.php\/wp-json\/wp\/v2\/pages\/57\/revisions"}],"predecessor-version":[{"id":2667,"href":"https:\/\/www.les2mainsdurivage.fr\/index.php\/wp-json\/wp\/v2\/pages\/57\/revisions\/2667"}],"wp:featuredmedia":[{"embeddable":true,"href":"https:\/\/www.les2mainsdurivage.fr\/index.php\/wp-json\/wp\/v2\/media\/464"}],"wp:attachment":[{"href":"https:\/\/www.les2mainsdurivage.fr\/index.php\/wp-json\/wp\/v2\/media?parent=57"}],"curies":[{"name":"wp","href":"https:\/\/api.w.org\/{rel}","templated":true}]}}